{"id":19309,"date":"2023-01-26T13:30:49","date_gmt":"2023-01-26T13:30:49","guid":{"rendered":"https:\/\/madleaf.lt\/?page_id=19309"},"modified":"2023-05-04T13:50:46","modified_gmt":"2023-05-04T13:50:46","slug":"blue-yellow","status":"publish","type":"page","link":"https:\/\/madleaf.lt\/en\/blue-yellow\/","title":{"rendered":"Blue \/ Yellow"},"content":{"rendered":"<div data-elementor-type=\"wp-page\" data-elementor-id=\"19309\" class=\"elementor elementor-19309\">\n\t\t\t\t\t\t\t\t\t<section class=\"elementor-section elementor-top-section elementor-element elementor-element-7bac9ecc elementor-section-stretched elementor-hidden-tablet elementor-hidden-mobile elementor-section-boxed elementor-section-height-default elementor-section-height-default qodef-elementor-content-no\" data-id=\"7bac9ecc\" data-element_type=\"section\" data-settings=\"{&quot;stretch_section&quot;:&quot;section-stretched&quot;}\">\n\t\t\t\t\t\t<div class=\"elementor-container elementor-column-gap-default\">\n\t\t\t\t\t<div class=\"elementor-column elementor-col-100 elementor-top-column elementor-element elementor-element-3d5a826f\" data-id=\"3d5a826f\" data-element_type=\"column\">\n\t\t\t<div class=\"elementor-widget-wrap elementor-element-populated\">\n\t\t\t\t\t\t\t\t<div class=\"elementor-element elementor-element-29de183e elementor-widget__width-initial elementor-widget elementor-widget-heading\" data-id=\"29de183e\" data-element_type=\"widget\" data-widget_type=\"heading.default\">\n\t\t\t\t<div class=\"elementor-widget-container\">\n\t\t\t<style>\/*! elementor - v3.8.1 - 13-11-2022 *\/\n.elementor-heading-title{padding:0;margin:0;line-height:1}.elementor-widget-heading .elementor-heading-title[class*=elementor-size-]>a{color:inherit;font-size:inherit;line-height:inherit}.elementor-widget-heading .elementor-heading-title.elementor-size-small{font-size:15px}.elementor-widget-heading .elementor-heading-title.elementor-size-medium{font-size:19px}.elementor-widget-heading .elementor-heading-title.elementor-size-large{font-size:29px}.elementor-widget-heading .elementor-heading-title.elementor-size-xl{font-size:39px}.elementor-widget-heading .elementor-heading-title.elementor-size-xxl{font-size:59px}<\/style><h2 class=\"elementor-heading-title elementor-size-default\">WITH CODE  <span class=\"yellow\">MAD15 <\/span>CBD OILS ARE <span class=\"yellow\">15%<\/span> OFF<\/h2>\t\t<\/div>\n\t\t\t\t<\/div>\n\t\t\t\t\t<\/div>\n\t\t<\/div>\n\t\t\t\t\t\t\t<\/div>\n\t\t<\/section>\n\t\t\t\t<section class=\"elementor-section elementor-top-section elementor-element elementor-element-d16c306 elementor-section-full_width elementor-section-height-min-height elementor-section-stretched elementor-section-height-default elementor-section-items-middle qodef-elementor-content-no\" data-id=\"d16c306\" data-element_type=\"section\" data-settings=\"{&quot;stretch_section&quot;:&quot;section-stretched&quot;,&quot;background_background&quot;:&quot;classic&quot;}\">\n\t\t\t\t\t\t<div class=\"elementor-container elementor-column-gap-default\">\n\t\t\t\t\t<div class=\"elementor-column elementor-col-33 elementor-top-column elementor-element elementor-element-11a4952\" data-id=\"11a4952\" data-element_type=\"column\">\n\t\t\t<div class=\"elementor-widget-wrap elementor-element-populated\">\n\t\t\t\t\t\t\t\t<div class=\"elementor-element elementor-element-1ef1de0 elementor-widget elementor-widget-image\" data-id=\"1ef1de0\" data-element_type=\"widget\" data-widget_type=\"image.default\">\n\t\t\t\t<div class=\"elementor-widget-container\">\n\t\t\t<style>\/*! elementor - v3.8.1 - 13-11-2022 *\/\n.elementor-widget-image{text-align:center}.elementor-widget-image a{display:inline-block}.elementor-widget-image a img[src$=\".svg\"]{width:48px}.elementor-widget-image img{vertical-align:middle;display:inline-block}<\/style>\t\t\t\t\t\t\t\t\t\t\t\t<img decoding=\"async\" width=\"213\" height=\"86\" src=\"https:\/\/madleaf.lt\/wp-content\/uploads\/2023\/01\/Group-46538.svg\" class=\"attachment-full size-full\" alt=\"\" loading=\"lazy\" \/>\t\t\t\t\t\t\t\t\t\t\t\t\t\t\t<\/div>\n\t\t\t\t<\/div>\n\t\t\t\t<div class=\"elementor-element elementor-element-b8b12ff elementor-widget elementor-widget-heading\" data-id=\"b8b12ff\" data-element_type=\"widget\" data-widget_type=\"heading.default\">\n\t\t\t\t<div class=\"elementor-widget-container\">\n\t\t\t<h2 class=\"elementor-heading-title elementor-size-default\">\"INDEPENDENCE, STRENGTH, <br>\nUNITY IS THE FUTURE OF UKRAINE\"\n\n<\/h2>\t\t<\/div>\n\t\t\t\t<\/div>\n\t\t\t\t<div class=\"elementor-element elementor-element-6b41f1c elementor-widget__width-initial elementor-widget elementor-widget-heading\" data-id=\"6b41f1c\" data-element_type=\"widget\" data-widget_type=\"heading.default\">\n\t\t\t\t<div class=\"elementor-widget-container\">\n\t\t\t<h2 class=\"elementor-heading-title elementor-size-default\">FROM EVERY ONLINE PURCHASE YOU MAKE, <br>WE DIVIDE  <span class=\"yellow\">2%<\/span> UKRAINIAN SUPPORT FOR CHARITY ORGANIZATIONS<\/h2>\t\t<\/div>\n\t\t\t\t<\/div>\n\t\t\t\t<div class=\"elementor-element elementor-element-a6c9e59 elementor-align-left elementor-widget elementor-widget-button\" data-id=\"a6c9e59\" data-element_type=\"widget\" data-widget_type=\"button.default\">\n\t\t\t\t<div class=\"elementor-widget-container\">\n\t\t\t\t\t<div class=\"elementor-button-wrapper\">\n\t\t\t<a href=\"https:\/\/madleaf.lt\/index.php\/parduotuve\/\" class=\"elementor-button-link elementor-button elementor-size-sm\" role=\"button\">\n\t\t\t\t\t\t<span class=\"elementor-button-content-wrapper\">\n\t\t\t\t\t\t<span class=\"elementor-button-text\">SHOP<\/span>\n\t\t<\/span>\n\t\t\t\t\t<\/a>\n\t\t<\/div>\n\t\t\t\t<\/div>\n\t\t\t\t<\/div>\n\t\t\t\t\t<\/div>\n\t\t<\/div>\n\t\t\t\t<div class=\"elementor-column elementor-col-66 elementor-top-column elementor-element elementor-element-a736cdf\" data-id=\"a736cdf\" data-element_type=\"column\">\n\t\t\t<div class=\"elementor-widget-wrap\">\n\t\t\t\t\t\t\t\t\t<\/div>\n\t\t<\/div>\n\t\t\t\t\t\t\t<\/div>\n\t\t<\/section>\n\t\t\t\t<section class=\"elementor-section elementor-top-section elementor-element elementor-element-06e0fa1 elementor-section-boxed elementor-section-height-default elementor-section-height-default qodef-elementor-content-no\" data-id=\"06e0fa1\" data-element_type=\"section\">\n\t\t\t\t\t\t<div class=\"elementor-container elementor-column-gap-default\">\n\t\t\t\t\t<div class=\"elementor-column elementor-col-100 elementor-top-column elementor-element elementor-element-bf00f9f\" data-id=\"bf00f9f\" data-element_type=\"column\">\n\t\t\t<div class=\"elementor-widget-wrap elementor-element-populated\">\n\t\t\t\t\t\t\t\t<div class=\"elementor-element elementor-element-fb090d7 elementor-widget elementor-widget-image\" data-id=\"fb090d7\" data-element_type=\"widget\" data-widget_type=\"image.default\">\n\t\t\t\t<div class=\"elementor-widget-container\">\n\t\t\t\t\t\t\t\t\t\t\t\t\t\t\t<img decoding=\"async\" width=\"76\" height=\"82\" src=\"https:\/\/madleaf.lt\/wp-content\/uploads\/2023\/01\/Group-46401.svg\" class=\"attachment-full size-full\" alt=\"\" loading=\"lazy\" \/>\t\t\t\t\t\t\t\t\t\t\t\t\t\t\t<\/div>\n\t\t\t\t<\/div>\n\t\t\t\t<div class=\"elementor-element elementor-element-beee730 elementor-widget elementor-widget-heading\" data-id=\"beee730\" data-element_type=\"widget\" data-widget_type=\"heading.default\">\n\t\t\t\t<div class=\"elementor-widget-container\">\n\t\t\t<h2 class=\"elementor-heading-title elementor-size-default\">We stand for a free and united Ukraine, where the spirit of freedom and independence shines brightly, and people are determined to build a better future.\nWe stand for Ukraine, which is respected on the world stage and which is a beacon of hope for all who yearn for freedom. Together, we strive to make this vision a reality as we work towards a strong, prosperous and independent Ukraine.<\/h2>\t\t<\/div>\n\t\t\t\t<\/div>\n\t\t\t\t\t<\/div>\n\t\t<\/div>\n\t\t\t\t\t\t\t<\/div>\n\t\t<\/section>\n\t\t\t\t<section class=\"elementor-section elementor-top-section elementor-element elementor-element-842de3f elementor-section-full_width elementor-section-stretched elementor-section-height-default elementor-section-height-default qodef-elementor-content-no\" data-id=\"842de3f\" data-element_type=\"section\" data-settings=\"{&quot;stretch_section&quot;:&quot;section-stretched&quot;}\">\n\t\t\t\t\t\t<div class=\"elementor-container elementor-column-gap-default\">\n\t\t\t\t\t<div class=\"elementor-column elementor-col-50 elementor-top-column elementor-element elementor-element-ee6962c\" data-id=\"ee6962c\" data-element_type=\"column\">\n\t\t\t<div class=\"elementor-widget-wrap elementor-element-populated\">\n\t\t\t\t\t\t\t\t<div class=\"elementor-element elementor-element-7d8018c elementor-widget elementor-widget-image\" data-id=\"7d8018c\" data-element_type=\"widget\" data-widget_type=\"image.default\">\n\t\t\t\t<div class=\"elementor-widget-container\">\n\t\t\t\t\t\t\t\t\t\t\t\t\t\t\t<img decoding=\"async\" width=\"679\" height=\"132\" src=\"https:\/\/madleaf.lt\/wp-content\/uploads\/2023\/01\/Group-46539.svg\" class=\"attachment-large size-large\" alt=\"\" loading=\"lazy\" \/>\t\t\t\t\t\t\t\t\t\t\t\t\t\t\t<\/div>\n\t\t\t\t<\/div>\n\t\t\t\t<div class=\"elementor-element elementor-element-3eda98f elementor-widget elementor-widget-heading\" data-id=\"3eda98f\" data-element_type=\"widget\" data-widget_type=\"heading.default\">\n\t\t\t\t<div class=\"elementor-widget-container\">\n\t\t\t<h2 class=\"elementor-heading-title elementor-size-default\"> <span class=\"yellow\">Together we are united, we believe that war is also inhumane\nactions against humanity have no place in our world.\n<\/span>\n<br><br><br>\nJoining forces with like-minded non-governmental organizations\n\"Blue and Yellow\" organization is a non-governmental organization, since 2014 supporting the Armed Forces of Ukraine and the war-affected population, we are empowered to make a real and meaningful difference in the lives of the people of Ukraine. Let's strive to bring healing, hope and a brighter future to those who need it most.<\/h2>\t\t<\/div>\n\t\t\t\t<\/div>\n\t\t\t\t<div class=\"elementor-element elementor-element-b6c4297 elementor-widget elementor-widget-image\" data-id=\"b6c4297\" data-element_type=\"widget\" data-widget_type=\"image.default\">\n\t\t\t\t<div class=\"elementor-widget-container\">\n\t\t\t\t\t\t\t\t\t\t\t\t\t\t\t<img decoding=\"async\" width=\"238\" height=\"109\" src=\"https:\/\/madleaf.lt\/wp-content\/uploads\/2023\/01\/Group-46531.svg\" class=\"attachment-large size-large\" alt=\"\" loading=\"lazy\" \/>\t\t\t\t\t\t\t\t\t\t\t\t\t\t\t<\/div>\n\t\t\t\t<\/div>\n\t\t\t\t\t<\/div>\n\t\t<\/div>\n\t\t\t\t<div class=\"elementor-column elementor-col-50 elementor-top-column elementor-element elementor-element-ea1cf4f\" data-id=\"ea1cf4f\" data-element_type=\"column\" data-settings=\"{&quot;background_background&quot;:&quot;classic&quot;}\">\n\t\t\t<div class=\"elementor-widget-wrap elementor-element-populated\">\n\t\t\t\t\t\t\t\t<div class=\"elementor-element elementor-element-dae35db elementor-widget elementor-widget-spacer\" data-id=\"dae35db\" data-element_type=\"widget\" data-widget_type=\"spacer.default\">\n\t\t\t\t<div class=\"elementor-widget-container\">\n\t\t\t<style>\/*! elementor - v3.8.1 - 13-11-2022 *\/\n.elementor-column .elementor-spacer-inner{height:var(--spacer-size)}.e-con{--container-widget-width:100%}.e-con-inner>.elementor-widget-spacer,.e-con>.elementor-widget-spacer{width:var(--container-widget-width,var(--spacer-size));-ms-flex-item-align:stretch;align-self:stretch;-ms-flex-negative:0;flex-shrink:0}.e-con-inner>.elementor-widget-spacer>.elementor-widget-container,.e-con-inner>.elementor-widget-spacer>.elementor-widget-container>.elementor-spacer,.e-con>.elementor-widget-spacer>.elementor-widget-container,.e-con>.elementor-widget-spacer>.elementor-widget-container>.elementor-spacer{height:100%}.e-con-inner>.elementor-widget-spacer>.elementor-widget-container>.elementor-spacer>.elementor-spacer-inner,.e-con>.elementor-widget-spacer>.elementor-widget-container>.elementor-spacer>.elementor-spacer-inner{height:var(--container-widget-height,var(--spacer-size))}<\/style>\t\t<div class=\"elementor-spacer\">\n\t\t\t<div class=\"elementor-spacer-inner\"><\/div>\n\t\t<\/div>\n\t\t\t\t<\/div>\n\t\t\t\t<\/div>\n\t\t\t\t\t<\/div>\n\t\t<\/div>\n\t\t\t\t\t\t\t<\/div>\n\t\t<\/section>\n\t\t\t\t<section class=\"elementor-section elementor-top-section elementor-element elementor-element-acc78e5 elementor-section-stretched elementor-section-full_width elementor-section-height-default elementor-section-height-default qodef-elementor-content-no\" data-id=\"acc78e5\" data-element_type=\"section\" data-settings=\"{&quot;stretch_section&quot;:&quot;section-stretched&quot;}\">\n\t\t\t\t\t\t<div class=\"elementor-container elementor-column-gap-default\">\n\t\t\t\t\t<div class=\"elementor-column elementor-col-100 elementor-top-column elementor-element elementor-element-794ab80\" data-id=\"794ab80\" data-element_type=\"column\">\n\t\t\t<div class=\"elementor-widget-wrap elementor-element-populated\">\n\t\t\t\t\t\t\t\t<section class=\"elementor-section elementor-inner-section elementor-element elementor-element-c10cd7a elementor-section-boxed elementor-section-height-default elementor-section-height-default qodef-elementor-content-no\" data-id=\"c10cd7a\" data-element_type=\"section\">\n\t\t\t\t\t\t<div class=\"elementor-container elementor-column-gap-default\">\n\t\t\t\t\t<div class=\"elementor-column elementor-col-100 elementor-inner-column elementor-element elementor-element-864733b\" data-id=\"864733b\" data-element_type=\"column\">\n\t\t\t<div class=\"elementor-widget-wrap elementor-element-populated\">\n\t\t\t\t\t\t\t\t<div class=\"elementor-element elementor-element-865b7da elementor-widget elementor-widget-heading\" data-id=\"865b7da\" data-element_type=\"widget\" data-widget_type=\"heading.default\">\n\t\t\t\t<div class=\"elementor-widget-container\">\n\t\t\t<h2 class=\"elementor-heading-title elementor-size-default\">GIVE HOPE,<br>\nTO CREATE A BETTER FUTURE\n<\/h2>\t\t<\/div>\n\t\t\t\t<\/div>\n\t\t\t\t\t<\/div>\n\t\t<\/div>\n\t\t\t\t\t\t\t<\/div>\n\t\t<\/section>\n\t\t\t\t<div class=\"elementor-element elementor-element-247646c elementor-widget elementor-widget-image\" data-id=\"247646c\" data-element_type=\"widget\" data-widget_type=\"image.default\">\n\t\t\t\t<div class=\"elementor-widget-container\">\n\t\t\t\t\t\t\t\t\t\t\t\t\t\t\t<img decoding=\"async\" width=\"30\" height=\"31\" src=\"https:\/\/madleaf.lt\/wp-content\/uploads\/2023\/01\/Icon-awesome-arrow-down.svg\" class=\"attachment-large size-large\" alt=\"\" loading=\"lazy\" \/>\t\t\t\t\t\t\t\t\t\t\t\t\t\t\t<\/div>\n\t\t\t\t<\/div>\n\t\t\t\t<div class=\"elementor-element elementor-element-add1d65 elementor-widget elementor-widget-heading\" data-id=\"add1d65\" data-element_type=\"widget\" data-widget_type=\"heading.default\">\n\t\t\t\t<div class=\"elementor-widget-container\">\n\t\t\t<h2 class=\"elementor-heading-title elementor-size-default\">DIRECT SUPPORT\n<\/h2>\t\t<\/div>\n\t\t\t\t<\/div>\n\t\t\t\t<div class=\"elementor-element elementor-element-d0eef0e elementor-widget elementor-widget-image\" data-id=\"d0eef0e\" data-element_type=\"widget\" data-widget_type=\"image.default\">\n\t\t\t\t<div class=\"elementor-widget-container\">\n\t\t\t\t\t\t\t\t\t\t\t\t\t\t\t<img decoding=\"async\" width=\"35\" height=\"34\" src=\"https:\/\/madleaf.lt\/wp-content\/uploads\/2023\/01\/Mask-Group-135.svg\" class=\"attachment-large size-large\" alt=\"\" loading=\"lazy\" \/>\t\t\t\t\t\t\t\t\t\t\t\t\t\t\t<\/div>\n\t\t\t\t<\/div>\n\t\t\t\t<div class=\"elementor-element elementor-element-24825f0 elementor-widget elementor-widget-heading\" data-id=\"24825f0\" data-element_type=\"widget\" data-widget_type=\"heading.default\">\n\t\t\t\t<div class=\"elementor-widget-container\">\n\t\t\t<h2 class=\"elementor-heading-title elementor-size-default\">\u201cBlue and Yellow\u201d NGO<\/h2>\t\t<\/div>\n\t\t\t\t<\/div>\n\t\t\t\t<div class=\"elementor-element elementor-element-7bb0dd1 elementor-align-center elementor-icon-list--layout-traditional elementor-list-item-link-full_width elementor-widget elementor-widget-icon-list\" data-id=\"7bb0dd1\" data-element_type=\"widget\" data-widget_type=\"icon-list.default\">\n\t\t\t\t<div class=\"elementor-widget-container\">\n\t\t\t<link rel=\"stylesheet\" href=\"https:\/\/madleaf.lt\/wp-content\/plugins\/elementor\/assets\/css\/widget-icon-list.min.css\">\t\t<ul class=\"elementor-icon-list-items\">\n\t\t\t\t\t\t\t<li class=\"elementor-icon-list-item\">\n\t\t\t\t\t\t\t\t\t\t\t<span class=\"elementor-icon-list-icon\">\n\t\t\t\t\t\t\t<svg xmlns=\"http:\/\/www.w3.org\/2000\/svg\" width=\"8.874\" height=\"16.569\" viewbox=\"0 0 8.874 16.569\"><path id=\"Icon_awesome-facebook-f\" data-name=\"Icon awesome-facebook-f\" d=\"M9.9,9.32l.46-3H7.485V4.376a1.5,1.5,0,0,1,1.691-1.62h1.308V.2A15.951,15.951,0,0,0,8.162,0,3.661,3.661,0,0,0,4.243,4.036V6.321H1.609v3H4.243v7.249H7.485V9.32Z\" transform=\"translate(-1.609)\" fill=\"#ffd000\"><\/path><\/svg>\t\t\t\t\t\t<\/span>\n\t\t\t\t\t\t\t\t\t\t<span class=\"elementor-icon-list-text\">Blue \/ Yellow for Ukraine<\/span>\n\t\t\t\t\t\t\t\t\t<\/li>\n\t\t\t\t\t\t\t\t<li class=\"elementor-icon-list-item\">\n\t\t\t\t\t\t\t\t\t\t\t<span class=\"elementor-icon-list-icon\">\n\t\t\t\t\t\t\t<svg xmlns=\"http:\/\/www.w3.org\/2000\/svg\" width=\"18.979\" height=\"14.955\" viewbox=\"0 0 18.979 14.955\"><g id=\"Icon_feather-mail\" data-name=\"Icon feather-mail\" transform=\"translate(-1.607 -5)\"><path id=\"Path_15525\" data-name=\"Path 15525\" d=\"M4.619,6H17.574a1.624,1.624,0,0,1,1.619,1.619v9.716a1.624,1.624,0,0,1-1.619,1.619H4.619A1.624,1.624,0,0,1,3,17.335V7.619A1.624,1.624,0,0,1,4.619,6Z\" fill=\"none\" stroke=\"#ffd000\" stroke-linecap=\"round\" stroke-linejoin=\"round\" stroke-width=\"2\"><\/path><path id=\"Path_15526\" data-name=\"Path 15526\" d=\"M19.193,9l-8.1,5.668L3,9\" transform=\"translate(0 -1.381)\" fill=\"none\" stroke=\"#ffd000\" stroke-linecap=\"round\" stroke-linejoin=\"round\" stroke-width=\"2\"><\/path><\/g><\/svg>\t\t\t\t\t\t<\/span>\n\t\t\t\t\t\t\t\t\t\t<span class=\"elementor-icon-list-text\">Email: info@blue-yellow.lt<\/span>\n\t\t\t\t\t\t\t\t\t<\/li>\n\t\t\t\t\t\t\t\t<li class=\"elementor-icon-list-item\">\n\t\t\t\t\t\t\t\t\t\t\t<span class=\"elementor-icon-list-icon\">\n\t\t\t\t\t\t\t<svg xmlns=\"http:\/\/www.w3.org\/2000\/svg\" width=\"14.762\" height=\"14.965\" viewbox=\"0 0 14.762 14.965\"><path id=\"Path_15574\" data-name=\"Path 15574\" d=\"M75.311,111.689a7.674,7.674,0,0,0-7.335,5.262h1.087a6.27,6.27,0,0,1,.4-.87h2.092a8.82,8.82,0,0,0-.228.87h1.06a8.181,8.181,0,0,1,.267-.87h2.019v.87H75.7v-.87H77.88a7.635,7.635,0,0,1,.3.87h1.06a8.557,8.557,0,0,0-.256-.87h2.172a6.266,6.266,0,0,1,.4.87h1.085A7.671,7.671,0,0,0,75.311,111.689Zm1.544,1.2a6.665,6.665,0,0,1,3.588,2.165h-1.9A7.177,7.177,0,0,0,76.855,112.892Zm-3.387.075a6.794,6.794,0,0,0-1.507,2.09H70.179A6.656,6.656,0,0,1,73.468,112.968Zm2.231.329a5.9,5.9,0,0,1,1.651,1.761H75.7Zm-1.023.007v1.754H73.134A5.416,5.416,0,0,1,74.676,113.3Zm-6.394,4.636a.437.437,0,0,0-.256.071.21.21,0,0,0-.1.176.675.675,0,0,0,.048.215l.544,1.562c.017.047.036.1.057.155a.534.534,0,0,0,.087.148.357.357,0,0,0,.144.1.606.606,0,0,0,.228.037.522.522,0,0,0,.272-.062.373.373,0,0,0,.144-.135,2.453,2.453,0,0,0,.1-.231l.486-1.37.484,1.377c.04.1.072.177.1.226a.362.362,0,0,0,.142.135.537.537,0,0,0,.274.059.529.529,0,0,0,.281-.062.368.368,0,0,0,.139-.142,2.267,2.267,0,0,0,.094-.238l.544-1.562a.751.751,0,0,0,.05-.215.209.209,0,0,0-.105-.176.44.44,0,0,0-.254-.071.4.4,0,0,0-.231.055.313.313,0,0,0-.11.121,1.275,1.275,0,0,0-.062.171l-.384,1.329-.429-1.245a2.33,2.33,0,0,0-.1-.228.392.392,0,0,0-.144-.139.547.547,0,0,0-.29-.064.576.576,0,0,0-.29.062.4.4,0,0,0-.153.144,1.656,1.656,0,0,0-.1.226l-.427,1.245-.386-1.338a.759.759,0,0,0-.116-.244A.338.338,0,0,0,68.282,117.939Zm5.259,0a.437.437,0,0,0-.256.071.21.21,0,0,0-.1.176.693.693,0,0,0,.05.215l.544,1.562c.017.047.036.1.057.155a.529.529,0,0,0,.084.148.357.357,0,0,0,.144.1.606.606,0,0,0,.228.037.531.531,0,0,0,.274-.062.365.365,0,0,0,.142-.135,2.451,2.451,0,0,0,.1-.231l.486-1.37.484,1.377c.04.1.072.177.1.226a.362.362,0,0,0,.142.135.537.537,0,0,0,.274.059.529.529,0,0,0,.281-.062.368.368,0,0,0,.139-.142,2.264,2.264,0,0,0,.094-.238l.544-1.562a.75.75,0,0,0,.05-.215.209.209,0,0,0-.105-.176.44.44,0,0,0-.253-.071.4.4,0,0,0-.231.055.313.313,0,0,0-.11.121,1.276,1.276,0,0,0-.062.171l-.384,1.329-.429-1.245a2.331,2.331,0,0,0-.1-.228.384.384,0,0,0-.142-.139.547.547,0,0,0-.29-.064A.585.585,0,0,0,75,118a.4.4,0,0,0-.153.144,1.657,1.657,0,0,0-.1.226l-.427,1.245-.386-1.338a.759.759,0,0,0-.114-.244A.343.343,0,0,0,73.541,117.939Zm5.259,0a.437.437,0,0,0-.256.071.21.21,0,0,0-.1.176.692.692,0,0,0,.05.215l.544,1.562c.017.047.036.1.057.155a.529.529,0,0,0,.084.148.357.357,0,0,0,.144.1.606.606,0,0,0,.228.037.531.531,0,0,0,.274-.062.365.365,0,0,0,.142-.135,2.342,2.342,0,0,0,.1-.231l.484-1.37.484,1.377c.04.1.072.177.1.226a.362.362,0,0,0,.142.135.537.537,0,0,0,.274.059.529.529,0,0,0,.281-.062.368.368,0,0,0,.139-.142,2.264,2.264,0,0,0,.094-.238l.544-1.562a.751.751,0,0,0,.05-.215.206.206,0,0,0-.1-.176.447.447,0,0,0-.256-.071.4.4,0,0,0-.231.055.313.313,0,0,0-.11.121,1.276,1.276,0,0,0-.062.171l-.381,1.329-.432-1.245a2.33,2.33,0,0,0-.1-.228.384.384,0,0,0-.142-.139.547.547,0,0,0-.29-.064.585.585,0,0,0-.292.062.4.4,0,0,0-.153.144,1.657,1.657,0,0,0-.1.226l-.427,1.245-.384-1.338a.759.759,0,0,0-.116-.244A.343.343,0,0,0,78.8,117.939Zm-10.864,3.318a7.736,7.736,0,0,0,14.748,0H81.6a6.3,6.3,0,0,1-.37.852H79.042a8.7,8.7,0,0,0,.235-.852H78.234a7.152,7.152,0,0,1-.267.852H75.7v-.852H74.676v.852H72.6a8.656,8.656,0,0,1-.242-.852H71.312c.059.288.131.573.212.852H69.387a6.315,6.315,0,0,1-.372-.852Zm2.122,1.875h1.834a6.5,6.5,0,0,0,1.51,2.227A6.641,6.641,0,0,1,70.058,123.132Zm2.973,0h1.644v1.911A4.874,4.874,0,0,1,73.032,123.132Zm2.667,0h1.758A5.6,5.6,0,0,1,75.7,125Zm2.935,0h1.93a6.654,6.654,0,0,1-3.759,2.332A6.887,6.887,0,0,0,78.634,123.132Z\" transform=\"translate(-67.923 -111.689)\" fill=\"#ffd000\"><\/path><\/svg>\t\t\t\t\t\t<\/span>\n\t\t\t\t\t\t\t\t\t\t<span class=\"elementor-icon-list-text\">www.blue-yellow.lt\/<\/span>\n\t\t\t\t\t\t\t\t\t<\/li>\n\t\t\t\t\t\t<\/ul>\n\t\t\t\t<\/div>\n\t\t\t\t<\/div>\n\t\t\t\t\t<\/div>\n\t\t<\/div>\n\t\t\t\t\t\t\t<\/div>\n\t\t<\/section>\n\t\t\t\t\t\t\t<\/div>","protected":false},"excerpt":{"rendered":"<p>SU KODU MAD15 CBD ALIEJAMS 15% NUOLAIDA \u201cNEPRIKLAUSOMYB\u0116, J\u0116GA, VIENYB\u0116 \u2013 UKRAINOS ATEITIS\u201c NUO KIEKVIENO J\u016aS\u0172 PIRKIMO INTERNETU, MES SKIRIAME 2% UKRAINOS PARAMOS LABDAROS ORGANIZACIJAI PARDUOTUV\u0116 Mes pasisakome u\u017e laisv\u0105 ir viening\u0105 Ukrain\u0105, kurioje ry\u0161kiai \u0161vie\u010dia laisv\u0117s ir nepriklausomyb\u0117s dvasia, o \u017emon\u0117s yra pasiry\u017e\u0119 kurti geresn\u0119 ateit\u012f. Mes pasisakome u\u017e Ukrain\u0105, kuri gerbiama pasaulin\u0117je arenoje [&hellip;]<\/p>","protected":false},"author":1,"featured_media":0,"parent":0,"menu_order":0,"comment_status":"closed","ping_status":"closed","template":"","meta":{"om_disable_all_campaigns":false,"_mi_skip_tracking":false},"aioseo_notices":[],"_links":{"self":[{"href":"https:\/\/madleaf.lt\/en\/wp-json\/wp\/v2\/pages\/19309"}],"collection":[{"href":"https:\/\/madleaf.lt\/en\/wp-json\/wp\/v2\/pages"}],"about":[{"href":"https:\/\/madleaf.lt\/en\/wp-json\/wp\/v2\/types\/page"}],"author":[{"embeddable":true,"href":"https:\/\/madleaf.lt\/en\/wp-json\/wp\/v2\/users\/1"}],"replies":[{"embeddable":true,"href":"https:\/\/madleaf.lt\/en\/wp-json\/wp\/v2\/comments?post=19309"}],"version-history":[{"count":64,"href":"https:\/\/madleaf.lt\/en\/wp-json\/wp\/v2\/pages\/19309\/revisions"}],"predecessor-version":[{"id":20439,"href":"https:\/\/madleaf.lt\/en\/wp-json\/wp\/v2\/pages\/19309\/revisions\/20439"}],"wp:attachment":[{"href":"https:\/\/madleaf.lt\/en\/wp-json\/wp\/v2\/media?parent=19309"}],"curies":[{"name":"wp","href":"https:\/\/api.w.org\/{rel}","templated":true}]}}