{"id":19584,"date":"2023-02-14T16:17:10","date_gmt":"2023-02-14T16:17:10","guid":{"rendered":"https:\/\/madleaf.lt\/?page_id=19584"},"modified":"2023-05-04T18:53:40","modified_gmt":"2023-05-04T18:53:40","slug":"grazinimo-garantija","status":"publish","type":"page","link":"https:\/\/madleaf.lt\/en\/grazinimo-garantija\/","title":{"rendered":"Money back guarantee"},"content":{"rendered":"<div data-elementor-type=\"wp-page\" data-elementor-id=\"19584\" class=\"elementor elementor-19584\">\n\t\t\t\t\t\t\t\t\t<section class=\"elementor-section elementor-top-section elementor-element elementor-element-767ad363 elementor-section-stretched elementor-hidden-tablet elementor-hidden-mobile elementor-section-boxed elementor-section-height-default elementor-section-height-default qodef-elementor-content-no\" data-id=\"767ad363\" data-element_type=\"section\" data-settings=\"{&quot;stretch_section&quot;:&quot;section-stretched&quot;,&quot;background_background&quot;:&quot;classic&quot;}\">\n\t\t\t\t\t\t<div class=\"elementor-container elementor-column-gap-default\">\n\t\t\t\t\t<div class=\"elementor-column elementor-col-100 elementor-top-column elementor-element elementor-element-64466c7e\" data-id=\"64466c7e\" data-element_type=\"column\">\n\t\t\t<div class=\"elementor-widget-wrap elementor-element-populated\">\n\t\t\t\t\t\t\t\t<div class=\"elementor-element elementor-element-76001524 elementor-widget__width-initial elementor-widget elementor-widget-heading\" data-id=\"76001524\" data-element_type=\"widget\" data-widget_type=\"heading.default\">\n\t\t\t\t<div class=\"elementor-widget-container\">\n\t\t\t<style>\/*! elementor - v3.8.1 - 13-11-2022 *\/\n.elementor-heading-title{padding:0;margin:0;line-height:1}.elementor-widget-heading .elementor-heading-title[class*=elementor-size-]>a{color:inherit;font-size:inherit;line-height:inherit}.elementor-widget-heading .elementor-heading-title.elementor-size-small{font-size:15px}.elementor-widget-heading .elementor-heading-title.elementor-size-medium{font-size:19px}.elementor-widget-heading .elementor-heading-title.elementor-size-large{font-size:29px}.elementor-widget-heading .elementor-heading-title.elementor-size-xl{font-size:39px}.elementor-widget-heading .elementor-heading-title.elementor-size-xxl{font-size:59px}<\/style><h2 class=\"elementor-heading-title elementor-size-default\">WITH CODE <span class=\"yellow\">MAD15 <\/span> CBD OILS ARE <span class=\"yellow\">15%<\/span> OFF<\/h2>\t\t<\/div>\n\t\t\t\t<\/div>\n\t\t\t\t\t<\/div>\n\t\t<\/div>\n\t\t\t\t\t\t\t<\/div>\n\t\t<\/section>\n\t\t\t\t<section class=\"elementor-section elementor-top-section elementor-element elementor-element-294d1f3 elementor-section-height-min-height elementor-section-boxed elementor-section-height-default elementor-section-items-middle qodef-elementor-content-no\" data-id=\"294d1f3\" data-element_type=\"section\" data-settings=\"{&quot;background_background&quot;:&quot;classic&quot;}\">\n\t\t\t\t\t\t<div class=\"elementor-container elementor-column-gap-default\">\n\t\t\t\t\t<div class=\"elementor-column elementor-col-100 elementor-top-column elementor-element elementor-element-6f8d5cb\" data-id=\"6f8d5cb\" data-element_type=\"column\">\n\t\t\t<div class=\"elementor-widget-wrap elementor-element-populated\">\n\t\t\t\t\t\t\t\t<div class=\"elementor-element elementor-element-52f72e0 elementor-widget elementor-widget-heading\" data-id=\"52f72e0\" data-element_type=\"widget\" data-widget_type=\"heading.default\">\n\t\t\t\t<div class=\"elementor-widget-container\">\n\t\t\t<h2 class=\"elementor-heading-title elementor-size-default\">Money back guarantee<\/h2>\t\t<\/div>\n\t\t\t\t<\/div>\n\t\t\t\t\t<\/div>\n\t\t<\/div>\n\t\t\t\t\t\t\t<\/div>\n\t\t<\/section>\n\t\t\t\t<section class=\"elementor-section elementor-top-section elementor-element elementor-element-cb3a315 elementor-section-boxed elementor-section-height-default elementor-section-height-default qodef-elementor-content-no\" data-id=\"cb3a315\" data-element_type=\"section\">\n\t\t\t\t\t\t<div class=\"elementor-container elementor-column-gap-default\">\n\t\t\t\t\t<div class=\"elementor-column elementor-col-100 elementor-top-column elementor-element elementor-element-0b5faed\" data-id=\"0b5faed\" data-element_type=\"column\">\n\t\t\t<div class=\"elementor-widget-wrap elementor-element-populated\">\n\t\t\t\t\t\t\t\t<div class=\"elementor-element elementor-element-f601c1a elementor-widget elementor-widget-text-editor\" data-id=\"f601c1a\" data-element_type=\"widget\" data-widget_type=\"text-editor.default\">\n\t\t\t\t<div class=\"elementor-widget-container\">\n\t\t\t<style>\/*! elementor - v3.8.1 - 13-11-2022 *\/\n.elementor-widget-text-editor.elementor-drop-cap-view-stacked .elementor-drop-cap{background-color:#818a91;color:#fff}.elementor-widget-text-editor.elementor-drop-cap-view-framed .elementor-drop-cap{color:#818a91;border:3px solid;background-color:transparent}.elementor-widget-text-editor:not(.elementor-drop-cap-view-default) .elementor-drop-cap{margin-top:8px}.elementor-widget-text-editor:not(.elementor-drop-cap-view-default) .elementor-drop-cap-letter{width:1em;height:1em}.elementor-widget-text-editor .elementor-drop-cap{float:left;text-align:center;line-height:1;font-size:50px}.elementor-widget-text-editor .elementor-drop-cap-letter{display:inline-block}<\/style>\t\t\t\t<p>All MAD LEAF products come with a 30-day money-back guarantee.<\/p><p>To return a product, fill out the following form:<\/p><p>https:\/\/grazinimai.omniva.lt\/parduotuves\/MAD leaf<\/p><h5>Conditions:<\/h5><p>1. The customer has the right to terminate the sales-purchase agreement within 30 days without giving a reason. from the purchase and to recover the money paid.<\/p><p>2. Goods of suitable quality can be returned within 14 days, if these goods have not been used, have not lost their commercial appearance and the Customer has kept the purchase document.<\/p><p>3. Money is returned to the account specified by the buyer within 14 days.<\/p><p>4. When returning more than one item: each additional item returned must be unworn, undamaged and undamaged.<\/p><p>5. Returned goods must be placed in an additional protective (for transportation) packaging (eg: a box or a protective envelope).<\/p><p>6. Goods can be returned to one customer only once. The return of goods does not apply to legal entities.<\/p><p>7. The right to terminate the aforementioned contract is lost 14 days after the day the Customer received the goods or the goods were received by a third party specified by the Customer, other than the carrier.<\/p><p>8. In order to exercise the right to terminate the aforementioned contract, the Customer must provide MAD LEAF with a clear notice of contract termination in one of the following ways:<\/p><p>By email, which is sent to the address returns@madleaf.lt.<\/p><p>\u2013 after completing and submitting the electronic form; if the Customer completes and submits the said form, he will soon receive a confirmation from MAD LEAF that the notice of termination has been received.<\/p><h5>This return policy applies to foreign buyers:<\/h5><p>If you want to return the product, you will have to pay for the shipping expenses. The returned product must be unused, in its original packaging, and the customer must keep the purchase document.<\/p><p>10. The product is returned to the address:\u00a0<\/p><p>Veterinarijos g. 29-9, Klaip\u0117da,<\/p><p>LT-92318, Lietuva<\/p><p>Tel.nr: +370 [671] 77434<\/p>\t\t\t\t\t\t<\/div>\n\t\t\t\t<\/div>\n\t\t\t\t\t<\/div>\n\t\t<\/div>\n\t\t\t\t\t\t\t<\/div>\n\t\t<\/section>\n\t\t\t\t\t\t\t<\/div>","protected":false},"excerpt":{"rendered":"<p>SU KODU MAD15 CBD ALIEJAMS 15% NUOLAIDA Gr\u0105\u017einimo garantija Visiems MAD LEAF produktams taikoma 30-ties dien\u0173 gr\u0105\u017einimo garantija. Nor\u0117dami gr\u0105\u017einti produkt\u0105 u\u017epildykite \u0161i\u0105 form\u0105: https:\/\/grazinimai.omniva.lt\/parduotuves\/MAD leaf S\u0105lygos: 1.Klientas turi teis\u0119 nenurod\u0119s prie\u017easties nutraukti pardavimo-pirkimo sutart\u012f\u00a0per 30 d. nuo\u00a0 \u012fsigijimo ir atgauti sumok\u0117tus pinigus. 2. Tinkamos kokyb\u0117s prek\u0117s per 14 dien\u0173 gali b\u016bti gr\u0105\u017einamos, jei \u0161ios [&hellip;]<\/p>","protected":false},"author":1,"featured_media":0,"parent":0,"menu_order":0,"comment_status":"closed","ping_status":"closed","template":"page-full-width.php","meta":{"om_disable_all_campaigns":false,"_mi_skip_tracking":false},"aioseo_notices":[],"_links":{"self":[{"href":"https:\/\/madleaf.lt\/en\/wp-json\/wp\/v2\/pages\/19584"}],"collection":[{"href":"https:\/\/madleaf.lt\/en\/wp-json\/wp\/v2\/pages"}],"about":[{"href":"https:\/\/madleaf.lt\/en\/wp-json\/wp\/v2\/types\/page"}],"author":[{"embeddable":true,"href":"https:\/\/madleaf.lt\/en\/wp-json\/wp\/v2\/users\/1"}],"replies":[{"embeddable":true,"href":"https:\/\/madleaf.lt\/en\/wp-json\/wp\/v2\/comments?post=19584"}],"version-history":[{"count":28,"href":"https:\/\/madleaf.lt\/en\/wp-json\/wp\/v2\/pages\/19584\/revisions"}],"predecessor-version":[{"id":20452,"href":"https:\/\/madleaf.lt\/en\/wp-json\/wp\/v2\/pages\/19584\/revisions\/20452"}],"wp:attachment":[{"href":"https:\/\/madleaf.lt\/en\/wp-json\/wp\/v2\/media?parent=19584"}],"curies":[{"name":"wp","href":"https:\/\/api.w.org\/{rel}","templated":true}]}}