{"id":19592,"date":"2023-02-14T16:19:45","date_gmt":"2023-02-14T16:19:45","guid":{"rendered":"https:\/\/madleaf.lt\/?page_id=19592"},"modified":"2023-05-04T18:52:04","modified_gmt":"2023-05-04T18:52:04","slug":"privatumo-politika","status":"publish","type":"page","link":"https:\/\/madleaf.lt\/en\/privatumo-politika\/","title":{"rendered":"privacy policy"},"content":{"rendered":"<div data-elementor-type=\"wp-page\" data-elementor-id=\"19592\" class=\"elementor elementor-19592\">\n\t\t\t\t\t\t\t\t\t<section class=\"elementor-section elementor-top-section elementor-element elementor-element-6dd384af elementor-section-stretched elementor-hidden-tablet elementor-hidden-mobile elementor-section-boxed elementor-section-height-default elementor-section-height-default qodef-elementor-content-no\" data-id=\"6dd384af\" data-element_type=\"section\" data-settings=\"{&quot;stretch_section&quot;:&quot;section-stretched&quot;,&quot;background_background&quot;:&quot;classic&quot;}\">\n\t\t\t\t\t\t<div class=\"elementor-container elementor-column-gap-default\">\n\t\t\t\t\t<div class=\"elementor-column elementor-col-100 elementor-top-column elementor-element elementor-element-5be657e2\" data-id=\"5be657e2\" data-element_type=\"column\">\n\t\t\t<div class=\"elementor-widget-wrap elementor-element-populated\">\n\t\t\t\t\t\t\t\t<div class=\"elementor-element elementor-element-87ed5fb elementor-widget__width-initial elementor-widget elementor-widget-heading\" data-id=\"87ed5fb\" data-element_type=\"widget\" data-widget_type=\"heading.default\">\n\t\t\t\t<div class=\"elementor-widget-container\">\n\t\t\t<style>\/*! elementor - v3.8.1 - 13-11-2022 *\/\n.elementor-heading-title{padding:0;margin:0;line-height:1}.elementor-widget-heading .elementor-heading-title[class*=elementor-size-]>a{color:inherit;font-size:inherit;line-height:inherit}.elementor-widget-heading .elementor-heading-title.elementor-size-small{font-size:15px}.elementor-widget-heading .elementor-heading-title.elementor-size-medium{font-size:19px}.elementor-widget-heading .elementor-heading-title.elementor-size-large{font-size:29px}.elementor-widget-heading .elementor-heading-title.elementor-size-xl{font-size:39px}.elementor-widget-heading .elementor-heading-title.elementor-size-xxl{font-size:59px}<\/style><h2 class=\"elementor-heading-title elementor-size-default\">WITH CODE  <span class=\"yellow\">MAD15<\/span> CBD OILS ARE <span class=\"yellow\">15%<\/span>  OFF<\/h2>\t\t<\/div>\n\t\t\t\t<\/div>\n\t\t\t\t\t<\/div>\n\t\t<\/div>\n\t\t\t\t\t\t\t<\/div>\n\t\t<\/section>\n\t\t\t\t<section class=\"elementor-section elementor-top-section elementor-element elementor-element-294d1f3 elementor-section-height-min-height elementor-section-boxed elementor-section-height-default elementor-section-items-middle qodef-elementor-content-no\" data-id=\"294d1f3\" data-element_type=\"section\" data-settings=\"{&quot;background_background&quot;:&quot;classic&quot;}\">\n\t\t\t\t\t\t<div class=\"elementor-container elementor-column-gap-default\">\n\t\t\t\t\t<div class=\"elementor-column elementor-col-100 elementor-top-column elementor-element elementor-element-6f8d5cb\" data-id=\"6f8d5cb\" data-element_type=\"column\">\n\t\t\t<div class=\"elementor-widget-wrap elementor-element-populated\">\n\t\t\t\t\t\t\t\t<div class=\"elementor-element elementor-element-52f72e0 elementor-widget elementor-widget-heading\" data-id=\"52f72e0\" data-element_type=\"widget\" data-widget_type=\"heading.default\">\n\t\t\t\t<div class=\"elementor-widget-container\">\n\t\t\t<h2 class=\"elementor-heading-title elementor-size-default\">privacy policy<\/h2>\t\t<\/div>\n\t\t\t\t<\/div>\n\t\t\t\t\t<\/div>\n\t\t<\/div>\n\t\t\t\t\t\t\t<\/div>\n\t\t<\/section>\n\t\t\t\t<section class=\"elementor-section elementor-top-section elementor-element elementor-element-cb3a315 elementor-section-boxed elementor-section-height-default elementor-section-height-default qodef-elementor-content-no\" data-id=\"cb3a315\" data-element_type=\"section\">\n\t\t\t\t\t\t<div class=\"elementor-container elementor-column-gap-default\">\n\t\t\t\t\t<div class=\"elementor-column elementor-col-100 elementor-top-column elementor-element elementor-element-0b5faed\" data-id=\"0b5faed\" data-element_type=\"column\">\n\t\t\t<div class=\"elementor-widget-wrap elementor-element-populated\">\n\t\t\t\t\t\t\t\t<div class=\"elementor-element elementor-element-f601c1a elementor-widget elementor-widget-text-editor\" data-id=\"f601c1a\" data-element_type=\"widget\" data-widget_type=\"text-editor.default\">\n\t\t\t\t<div class=\"elementor-widget-container\">\n\t\t\t<style>\/*! elementor - v3.8.1 - 13-11-2022 *\/\n.elementor-widget-text-editor.elementor-drop-cap-view-stacked .elementor-drop-cap{background-color:#818a91;color:#fff}.elementor-widget-text-editor.elementor-drop-cap-view-framed .elementor-drop-cap{color:#818a91;border:3px solid;background-color:transparent}.elementor-widget-text-editor:not(.elementor-drop-cap-view-default) .elementor-drop-cap{margin-top:8px}.elementor-widget-text-editor:not(.elementor-drop-cap-view-default) .elementor-drop-cap-letter{width:1em;height:1em}.elementor-widget-text-editor .elementor-drop-cap{float:left;text-align:center;line-height:1;font-size:50px}.elementor-widget-text-editor .elementor-drop-cap-letter{display:inline-block}<\/style>\t\t\t\t<p><strong>Data controller \u2013 MB mad enterprises., company code 306131657, <\/strong><br \/><strong>Veterinarijos g. 29-9, Klaip\u0117da, LT-92318.<\/strong><\/p><p>This privacy policy (hereinafter - \"Privacy Policy\") is intended for people who use MAD LEAF services, the website www.madleaf.lt or other websites and social accounts (MAD LEAF Facebook, Linkedin, Instagram page) (hereinafter collectively referred to as the website). and\/or any services it provides, to inform individuals about what information MAD LEAF collects and how it uses it.<\/p><p>The privacy policy determines and defines the purposes and procedure of processing and collecting personal data, the scope of collected personal data, etc. i.e. The personal data collected by MAD LEAF is processed in accordance with the legal acts of the EU and the Republic of Lithuania regulating the processing of personal data.<\/p><p>By continuing to browse the website, the data subject (user of the website) confirms that he has read this Privacy Policy, understands its provisions and agrees to comply with it.<\/p><p>Processing of personal data<\/p><p>MAD LEAF processes the data provided by the data subjects themselves when they use the website or other services provided by MAD LEAF.<\/p><p>MAD LEAF processes personal data for the following purposes:<br \/>processes the following personal data for the purposes of administration of e-mail users, management of the www.madleaf.lt portal, installation and maintenance of information systems and computerized workplaces: personal name and surname, e-mail adress;<br \/>collects the following data for order management purposes: person's name, address, phone number;<br \/>processes the following personal data for the purposes of handling and internal administration of employees working under employment contracts, applicants for employees and service providers: name and surname of the person, date of birth, personal identification number, citizenship, place of residence, name and duties of the workplace, number of the document confirming personal identity ;<br \/>processes the following personal data for the purpose of sending direct marketing or other information to data subjects: name, surname, e-mail adress;<br \/>svetain\u0117s lankymo analiz\u0117s tikslais tvarko statistinius duomenis.<br \/>This data is processed for 10 years from the start of their processing.<\/p><p>Duomen\u0173 tvarkymas tiesiogin\u0117s rinkodaros tikslu<\/p><p>Duomen\u0173 subjektas, svetain\u0117je pateikdamas savo elektroninio pa\u0161to adres\u0105 ir kitus asmens duomenis, gali sutikti arba nesutikti, kad jo duomenys bus naudojami tiesiogin\u0117s rinkodaros tikslu<\/p><p>\u0160ie duomenys tiesiogin\u0117s rinkodaros tikslu bus tvarkomi 10 met\u0173 nuo j\u0173 tvarkymo prad\u017eios.<\/p><p>You can revoke your consent to use your data for direct marketing at any time by notifying us by e-mail. by mail info@madleaf.lt.<\/p><p>Provision of processed data to other entities<\/p><p>MAD LEAF does not provide processed data to third parties without the prior consent of the person (data subject), except in accordance with the procedure established by legal acts.<\/p><p>Data may be processed by data processors providing website hosting, data center and\/or server rental services, marketing and customer relationship management system services.<\/p><p>Rights of data subjects<\/p><p>Data subjects have the following established rights:<br \/>\u2013 the right to know (be informed) about the processing of your personal data;<br \/>The right to access their personal data being processed and how it is processed, i.e. to obtain information about the storage period of personal data, the technical and organizational measures applied to ensure the security of data, to obtain information on the sources from which and what personal data of the person are collected, the purpose for which they are processed, and to whom they are provided;<br \/>the right to demand the correction, destruction of your personal data or the suspension, with the exception of storage, of the processing of your personal data, when the data is processed without complying with the provisions of legal acts;<br \/>The right to refuse the processing of their personal data, except in cases where the processing of such personal data is necessary for the legitimate interests pursued by MAD LEAF or a third party to whom the personal data is provided, and if the interests of the data subject do not outweigh those legitimate interests;<br \/>- the right to demand that the submitted personal data be destroyed;<br \/>\u2013 the right to demand that personal data processing actions be restricted;<br \/>The right to request that their personal data being processed by automated means be transferred by the data controller to another data controller, if technically feasible;<br \/>The right to lodge a complaint with the State Data Protection Inspectorate regarding the processing of personal data.<\/p><p>If a data subject has provided MAD LEAF with a document confirming their identity or has identified themselves in accordance with the procedures established by law or electronic means that allow the person to be properly identified, they must personally submit a written request (hereinafter referred to as the \"Request\") to MAD LEAF by post, courier or email regarding the exercise of their rights. Upon receipt of a data subject's request, MAD LEAF shall provide a response no later than 20 calendar days from the date of receipt of the data subject's request.<\/p><p>Ensuring data security<\/p><p>MAD LEAF implements appropriate organizational and technical data security measures to protect personal data from accidental or unlawful destruction, alteration, disclosure, as well as from any other unlawful processing.<\/p><p>Statistics<\/p><p>Website visitor statistics are analyzed with the help of Google AdWords. The following personal data is collected for statistical purposes:<br \/>\u2013 number of users and sessions;<br \/>\u2013 duration of the session;<br \/>- operating systems;<br \/>\u2013 device models;<br \/>\u2013 geographical location;<br \/>\u2013 first launches;<br \/>\u2013 program openings;<br \/>\u2013 program updates;<br \/>- in-app purchases.<br \/>\u2013 general device information such as model, OS and orientation;<br \/>Free memory capacity and disk size.<br \/>\u2013 operator;<br \/>\u2013 radio\/network information (eg Wi-Fi, LTE, 3G);<br \/>\u2013 IP adress;<br \/>\u2013 geographical location;<br \/>\u2013 locale\/language;<br \/>\u2013 signal strength;<br \/>\u2013 a device with factory restrictions removed, or a device in root \u2013 \u2013 state;<br \/>\u2013 battery level and charging status;<br \/>\u2013 program version;<br \/>\u2013 foreground or background state of the application;<br \/>\u2013 program package name;<br \/>\u2013 anonymous program object identifier;<br \/>\u2013 the network URL (not including URL parameters or payload content) and the relevant information specified:<br \/>\u2013 response codes (eg 403, 200);<br \/>\u2013 payload size in bytes;<br \/>\u2013 response times;<br \/>- duration of automatic traces.<\/p><p>Other provisions<\/p><p>MAD leaf may, at its sole discretion, modify this Privacy Policy effective upon its posting on the Site.<\/p>\t\t\t\t\t\t<\/div>\n\t\t\t\t<\/div>\n\t\t\t\t\t<\/div>\n\t\t<\/div>\n\t\t\t\t\t\t\t<\/div>\n\t\t<\/section>\n\t\t\t\t\t\t\t<\/div>","protected":false},"excerpt":{"rendered":"<p>su kodu MAD15 CBD ALIEJAMS 15% NUOLAIDA Privatumo politika Duomen\u0173 valdytojas &#8211; MB mad enterprises., \u012fmon\u0117s kodas 306131657, Veterinarijos g. 29-9, Klaip\u0117da, LT-92318. \u0160i privatumo politika (toliau \u2013 \u201ePrivatumo politika\u201c) yra skirta asmenims, kurie naudojasi MAD LEAF paslaugomis, interneto svetaine www.madleaf.lt arba kitomis svetain\u0117mis ir socialin\u0117mis paskyromis (MAD LEAF Facebook, Linkedin, Instagram puslapis) (toliau bendrai [&hellip;]<\/p>","protected":false},"author":1,"featured_media":0,"parent":0,"menu_order":0,"comment_status":"closed","ping_status":"closed","template":"page-full-width.php","meta":{"om_disable_all_campaigns":false,"_mi_skip_tracking":false},"aioseo_notices":[],"_links":{"self":[{"href":"https:\/\/madleaf.lt\/en\/wp-json\/wp\/v2\/pages\/19592"}],"collection":[{"href":"https:\/\/madleaf.lt\/en\/wp-json\/wp\/v2\/pages"}],"about":[{"href":"https:\/\/madleaf.lt\/en\/wp-json\/wp\/v2\/types\/page"}],"author":[{"embeddable":true,"href":"https:\/\/madleaf.lt\/en\/wp-json\/wp\/v2\/users\/1"}],"replies":[{"embeddable":true,"href":"https:\/\/madleaf.lt\/en\/wp-json\/wp\/v2\/comments?post=19592"}],"version-history":[{"count":28,"href":"https:\/\/madleaf.lt\/en\/wp-json\/wp\/v2\/pages\/19592\/revisions"}],"predecessor-version":[{"id":20449,"href":"https:\/\/madleaf.lt\/en\/wp-json\/wp\/v2\/pages\/19592\/revisions\/20449"}],"wp:attachment":[{"href":"https:\/\/madleaf.lt\/en\/wp-json\/wp\/v2\/media?parent=19592"}],"curies":[{"name":"wp","href":"https:\/\/api.w.org\/{rel}","templated":true}]}}