{"id":20115,"date":"2023-03-15T05:23:03","date_gmt":"2023-03-15T05:23:03","guid":{"rendered":"https:\/\/madleaf.lt\/?page_id=20115"},"modified":"2023-05-04T19:11:24","modified_gmt":"2023-05-04T19:11:24","slug":"d-u-k","status":"publish","type":"page","link":"https:\/\/madleaf.lt\/en\/d-u-k\/","title":{"rendered":"F.A.Q"},"content":{"rendered":"<div data-elementor-type=\"wp-page\" data-elementor-id=\"20115\" class=\"elementor elementor-20115\">\n\t\t\t\t\t\t\t\t\t<section class=\"elementor-section elementor-top-section elementor-element elementor-element-767ad363 elementor-section-stretched elementor-hidden-tablet elementor-hidden-mobile elementor-section-boxed elementor-section-height-default elementor-section-height-default qodef-elementor-content-no\" data-id=\"767ad363\" data-element_type=\"section\" data-settings=\"{&quot;stretch_section&quot;:&quot;section-stretched&quot;,&quot;background_background&quot;:&quot;classic&quot;}\">\n\t\t\t\t\t\t<div class=\"elementor-container elementor-column-gap-default\">\n\t\t\t\t\t<div class=\"elementor-column elementor-col-100 elementor-top-column elementor-element elementor-element-64466c7e\" data-id=\"64466c7e\" data-element_type=\"column\">\n\t\t\t<div class=\"elementor-widget-wrap elementor-element-populated\">\n\t\t\t\t\t\t\t\t<div class=\"elementor-element elementor-element-76001524 elementor-widget__width-initial elementor-widget elementor-widget-heading\" data-id=\"76001524\" data-element_type=\"widget\" data-widget_type=\"heading.default\">\n\t\t\t\t<div class=\"elementor-widget-container\">\n\t\t\t<style>\/*! elementor - v3.8.1 - 13-11-2022 *\/\n.elementor-heading-title{padding:0;margin:0;line-height:1}.elementor-widget-heading .elementor-heading-title[class*=elementor-size-]>a{color:inherit;font-size:inherit;line-height:inherit}.elementor-widget-heading .elementor-heading-title.elementor-size-small{font-size:15px}.elementor-widget-heading .elementor-heading-title.elementor-size-medium{font-size:19px}.elementor-widget-heading .elementor-heading-title.elementor-size-large{font-size:29px}.elementor-widget-heading .elementor-heading-title.elementor-size-xl{font-size:39px}.elementor-widget-heading .elementor-heading-title.elementor-size-xxl{font-size:59px}<\/style><h2 class=\"elementor-heading-title elementor-size-default\">WITH CODE <span class=\"yellow\">MAD15\n <\/span> CBD OILS ARE <span class=\"yellow\">15%<\/span>  OFF<\/h2>\t\t<\/div>\n\t\t\t\t<\/div>\n\t\t\t\t\t<\/div>\n\t\t<\/div>\n\t\t\t\t\t\t\t<\/div>\n\t\t<\/section>\n\t\t\t\t<section class=\"elementor-section elementor-top-section elementor-element elementor-element-294d1f3 elementor-section-height-min-height elementor-section-boxed elementor-section-height-default elementor-section-items-middle qodef-elementor-content-no\" data-id=\"294d1f3\" data-element_type=\"section\" data-settings=\"{&quot;background_background&quot;:&quot;classic&quot;}\">\n\t\t\t\t\t\t<div class=\"elementor-container elementor-column-gap-default\">\n\t\t\t\t\t<div class=\"elementor-column elementor-col-100 elementor-top-column elementor-element elementor-element-6f8d5cb\" data-id=\"6f8d5cb\" data-element_type=\"column\">\n\t\t\t<div class=\"elementor-widget-wrap elementor-element-populated\">\n\t\t\t\t\t\t\t\t<div class=\"elementor-element elementor-element-52f72e0 elementor-widget elementor-widget-heading\" data-id=\"52f72e0\" data-element_type=\"widget\" data-widget_type=\"heading.default\">\n\t\t\t\t<div class=\"elementor-widget-container\">\n\t\t\t<h2 class=\"elementor-heading-title elementor-size-default\">F.A.Q<\/h2>\t\t<\/div>\n\t\t\t\t<\/div>\n\t\t\t\t\t<\/div>\n\t\t<\/div>\n\t\t\t\t\t\t\t<\/div>\n\t\t<\/section>\n\t\t\t\t<section class=\"elementor-section elementor-top-section elementor-element elementor-element-cb3a315 elementor-section-boxed elementor-section-height-default elementor-section-height-default qodef-elementor-content-no\" data-id=\"cb3a315\" data-element_type=\"section\">\n\t\t\t\t\t\t<div class=\"elementor-container elementor-column-gap-default\">\n\t\t\t\t\t<div class=\"elementor-column elementor-col-100 elementor-top-column elementor-element elementor-element-0b5faed\" data-id=\"0b5faed\" data-element_type=\"column\">\n\t\t\t<div class=\"elementor-widget-wrap elementor-element-populated\">\n\t\t\t\t\t\t\t\t<div class=\"elementor-element elementor-element-380a3eb elementor-widget elementor-widget-qi_addons_for_elementor_accordion\" data-id=\"380a3eb\" data-element_type=\"widget\" data-widget_type=\"qi_addons_for_elementor_accordion.default\">\n\t\t\t\t<div class=\"elementor-widget-container\">\n\t\t\t<div class=\"qodef-shortcode qodef-m  qodef-qi-accordion qodef-qi-clear qodef-behavior--accordion qodef-layout--simple qodef-style--standard qodef-height--auto\">\n\t<h3 class=\"qodef-e-title-holder\">\n\t<span class=\"qodef-e-title\">What is Madleaf?<\/span>\n\t<span class=\"qodef-e-mark\">\n\t\t<span class=\"qodef-icon--plus\">\n\t\t\t\t<span class=\"qodef-e-icon\">\n\t\t<i aria-hidden=\"true\" class=\"fas fa-plus\"><\/i>\t<\/span>\n\t\t\t<\/span>\n\t\t<span class=\"qodef-icon--minus\">\n\t\t\t\t<span class=\"qodef-e-icon\">\n\t\t<i aria-hidden=\"true\" class=\"fas fa-minus\"><\/i>\t<\/span>\n\t\t\t<\/span>\n\t<\/span>\n<\/h3>\n<div class=\"qodef-e-content\">\n\t<div class=\"qodef-e-content-inner\">\n\t\t<p>Madleaf is a wellness company that provides high-quality CBD oil and comfortable clothing to help you achieve balance and unleash your full potential.<\/p>\t<\/div>\n<\/div>\n<h3 class=\"qodef-e-title-holder\">\n\t<span class=\"qodef-e-title\">What is CBD oil?<\/span>\n\t<span class=\"qodef-e-mark\">\n\t\t<span class=\"qodef-icon--plus\">\n\t\t\t\t<span class=\"qodef-e-icon\">\n\t\t<i aria-hidden=\"true\" class=\"fas fa-plus\"><\/i>\t<\/span>\n\t\t\t<\/span>\n\t\t<span class=\"qodef-icon--minus\">\n\t\t\t\t<span class=\"qodef-e-icon\">\n\t\t<i aria-hidden=\"true\" class=\"fas fa-minus\"><\/i>\t<\/span>\n\t\t\t<\/span>\n\t<\/span>\n<\/h3>\n<div class=\"qodef-e-content\">\n\t<div class=\"qodef-e-content-inner\">\n\t\t<p>CBD oil is a natural supplement that can help you improve relaxation, reduce stress and anxiety, relieve pain and inflammation, and sleep better.<\/p>\t<\/div>\n<\/div>\n<h3 class=\"qodef-e-title-holder\">\n\t<span class=\"qodef-e-title\">Is Madleaf's CBD oil high-quality?<\/span>\n\t<span class=\"qodef-e-mark\">\n\t\t<span class=\"qodef-icon--plus\">\n\t\t\t\t<span class=\"qodef-e-icon\">\n\t\t<i aria-hidden=\"true\" class=\"fas fa-plus\"><\/i>\t<\/span>\n\t\t\t<\/span>\n\t\t<span class=\"qodef-icon--minus\">\n\t\t\t\t<span class=\"qodef-e-icon\">\n\t\t<i aria-hidden=\"true\" class=\"fas fa-minus\"><\/i>\t<\/span>\n\t\t\t<\/span>\n\t<\/span>\n<\/h3>\n<div class=\"qodef-e-content\">\n\t<div class=\"qodef-e-content-inner\">\n\t\t<p>Yes! We use only the best ingredients and processes to create our full-spectrum CBD oil, which is third-party tested for quality and purity.<\/p>\t<\/div>\n<\/div>\n<h3 class=\"qodef-e-title-holder\">\n\t<span class=\"qodef-e-title\">How do I use Madleaf's CBD oil?<\/span>\n\t<span class=\"qodef-e-mark\">\n\t\t<span class=\"qodef-icon--plus\">\n\t\t\t\t<span class=\"qodef-e-icon\">\n\t\t<i aria-hidden=\"true\" class=\"fas fa-plus\"><\/i>\t<\/span>\n\t\t\t<\/span>\n\t\t<span class=\"qodef-icon--minus\">\n\t\t\t\t<span class=\"qodef-e-icon\">\n\t\t<i aria-hidden=\"true\" class=\"fas fa-minus\"><\/i>\t<\/span>\n\t\t\t<\/span>\n\t<\/span>\n<\/h3>\n<div class=\"qodef-e-content\">\n\t<div class=\"qodef-e-content-inner\">\n\t\t<div class=\"group w-full text-gray-800 dark:text-gray-100 border-b border-black\/10 dark:border-gray-900\/50 bg-gray-50 dark:bg-[#444654]\"><div class=\"text-base gap-4 md:gap-6 md:max-w-2xl lg:max-w-2xl xl:max-w-3xl p-4 md:py-6 flex lg:px-0 m-auto\"><div class=\"relative flex w-[calc(100%-50px)] flex-col gap-1 md:gap-3 lg:w-[calc(100%-115px)]\"><div class=\"flex flex-grow flex-col gap-3\"><div class=\"min-h-[20px] flex flex-col items-start gap-4 whitespace-pre-wrap\"><div class=\"markdown prose w-full break-words dark:prose-invert light\"><p>Simply place the desired amount of oil under your tongue and hold it there for 30-60 seconds before swallowing. You can also add it to your favorite food or drink.<\/p><\/div><\/div><\/div><div class=\"flex justify-between\"><div class=\"text-gray-400 flex self-end lg:self-center justify-center mt-2 gap-3 md:gap-4 lg:gap-1 lg:absolute lg:top-0 lg:translate-x-full lg:right-0 lg:mt-0 lg:pl-2 visible\">\u00a0<\/div><\/div><\/div><\/div><\/div>\t<\/div>\n<\/div>\n<h3 class=\"qodef-e-title-holder\">\n\t<span class=\"qodef-e-title\">How to wash Madleaf clothes?<\/span>\n\t<span class=\"qodef-e-mark\">\n\t\t<span class=\"qodef-icon--plus\">\n\t\t\t\t<span class=\"qodef-e-icon\">\n\t\t<i aria-hidden=\"true\" class=\"fas fa-plus\"><\/i>\t<\/span>\n\t\t\t<\/span>\n\t\t<span class=\"qodef-icon--minus\">\n\t\t\t\t<span class=\"qodef-e-icon\">\n\t\t<i aria-hidden=\"true\" class=\"fas fa-minus\"><\/i>\t<\/span>\n\t\t\t<\/span>\n\t<\/span>\n<\/h3>\n<div class=\"qodef-e-content\">\n\t<div class=\"qodef-e-content-inner\">\n\t\t<p>Wash the shirts by hand or in a washing machine at a temperature of 30 degrees. Use a mild laundry detergent and avoid chlorine-containing products to prevent colors from fading. Do not dry the shirts in a dryer.<\/p>\t<\/div>\n<\/div>\n<\/div>\n\t\t<\/div>\n\t\t\t\t<\/div>\n\t\t\t\t\t<\/div>\n\t\t<\/div>\n\t\t\t\t\t\t\t<\/div>\n\t\t<\/section>\n\t\t\t\t\t\t\t<\/div>","protected":false},"excerpt":{"rendered":"<p>SU KODU MAD15 CBD ALIEJAMS 15% NUOLAIDA D.U.K Kas yra Madleaf? Madleaf yra sveikatingumo \u012fmon\u0117, kuri tiekia auk\u0161tos kokyb\u0117s CBD aliej\u0173 ir kokybi\u0161kus, bei patogius drabu\u017eius, kurie pad\u0117s pasiekti pusiausvyr\u0105 ir atskleisti visas savo galimybes. Kas yra CBD aliejus? CBD aliejus yra nat\u016bralus papildas, kuris gali pad\u0117ti\u00a0 atsipalaiduoti, suma\u017einti stres\u0105 ir nerim\u0105, mal\u0161inti skausm\u0105 ir [&hellip;]<\/p>","protected":false},"author":1,"featured_media":0,"parent":0,"menu_order":0,"comment_status":"closed","ping_status":"closed","template":"page-full-width.php","meta":{"om_disable_all_campaigns":false,"_mi_skip_tracking":false},"aioseo_notices":[],"_links":{"self":[{"href":"https:\/\/madleaf.lt\/en\/wp-json\/wp\/v2\/pages\/20115"}],"collection":[{"href":"https:\/\/madleaf.lt\/en\/wp-json\/wp\/v2\/pages"}],"about":[{"href":"https:\/\/madleaf.lt\/en\/wp-json\/wp\/v2\/types\/page"}],"author":[{"embeddable":true,"href":"https:\/\/madleaf.lt\/en\/wp-json\/wp\/v2\/users\/1"}],"replies":[{"embeddable":true,"href":"https:\/\/madleaf.lt\/en\/wp-json\/wp\/v2\/comments?post=20115"}],"version-history":[{"count":31,"href":"https:\/\/madleaf.lt\/en\/wp-json\/wp\/v2\/pages\/20115\/revisions"}],"predecessor-version":[{"id":20461,"href":"https:\/\/madleaf.lt\/en\/wp-json\/wp\/v2\/pages\/20115\/revisions\/20461"}],"wp:attachment":[{"href":"https:\/\/madleaf.lt\/en\/wp-json\/wp\/v2\/media?parent=20115"}],"curies":[{"name":"wp","href":"https:\/\/api.w.org\/{rel}","templated":true}]}}