{"id":2092,"date":"2022-02-01T11:46:32","date_gmt":"2022-02-01T11:46:32","guid":{"rendered":"https:\/\/eirwen.qodeinteractive.com\/?page_id=2092"},"modified":"2023-05-04T19:09:00","modified_gmt":"2023-05-04T19:09:00","slug":"privatumo-politika-2","status":"publish","type":"page","link":"https:\/\/madleaf.lt\/en\/privatumo-politika-2\/","title":{"rendered":"Delivery time and price"},"content":{"rendered":"<div data-elementor-type=\"wp-page\" data-elementor-id=\"2092\" class=\"elementor elementor-2092\">\n\t\t\t\t\t\t\t\t\t<section class=\"elementor-section elementor-top-section elementor-element elementor-element-1647cf79 elementor-section-stretched elementor-hidden-tablet elementor-hidden-mobile elementor-section-boxed elementor-section-height-default elementor-section-height-default qodef-elementor-content-no\" data-id=\"1647cf79\" data-element_type=\"section\" data-settings=\"{&quot;stretch_section&quot;:&quot;section-stretched&quot;,&quot;background_background&quot;:&quot;classic&quot;}\">\n\t\t\t\t\t\t<div class=\"elementor-container elementor-column-gap-default\">\n\t\t\t\t\t<div class=\"elementor-column elementor-col-100 elementor-top-column elementor-element elementor-element-4fbf7ca7\" data-id=\"4fbf7ca7\" data-element_type=\"column\">\n\t\t\t<div class=\"elementor-widget-wrap elementor-element-populated\">\n\t\t\t\t\t\t\t\t<div class=\"elementor-element elementor-element-188b1837 elementor-widget__width-initial elementor-widget elementor-widget-heading\" data-id=\"188b1837\" data-element_type=\"widget\" data-widget_type=\"heading.default\">\n\t\t\t\t<div class=\"elementor-widget-container\">\n\t\t\t<style>\/*! elementor - v3.8.1 - 13-11-2022 *\/\n.elementor-heading-title{padding:0;margin:0;line-height:1}.elementor-widget-heading .elementor-heading-title[class*=elementor-size-]>a{color:inherit;font-size:inherit;line-height:inherit}.elementor-widget-heading .elementor-heading-title.elementor-size-small{font-size:15px}.elementor-widget-heading .elementor-heading-title.elementor-size-medium{font-size:19px}.elementor-widget-heading .elementor-heading-title.elementor-size-large{font-size:29px}.elementor-widget-heading .elementor-heading-title.elementor-size-xl{font-size:39px}.elementor-widget-heading .elementor-heading-title.elementor-size-xxl{font-size:59px}<\/style><h2 class=\"elementor-heading-title elementor-size-default\">WITH CODE  <span class=\"yellow\"> MAD15<\/span>  CBD OILS ARE<span class=\"yellow\"> 15%<\/span> OFF<\/h2>\t\t<\/div>\n\t\t\t\t<\/div>\n\t\t\t\t\t<\/div>\n\t\t<\/div>\n\t\t\t\t\t\t\t<\/div>\n\t\t<\/section>\n\t\t\t\t<section class=\"elementor-section elementor-top-section elementor-element elementor-element-294d1f3 elementor-section-height-min-height elementor-section-boxed elementor-section-height-default elementor-section-items-middle qodef-elementor-content-no\" data-id=\"294d1f3\" data-element_type=\"section\" data-settings=\"{&quot;background_background&quot;:&quot;classic&quot;}\">\n\t\t\t\t\t\t<div class=\"elementor-container elementor-column-gap-default\">\n\t\t\t\t\t<div class=\"elementor-column elementor-col-100 elementor-top-column elementor-element elementor-element-6f8d5cb\" data-id=\"6f8d5cb\" data-element_type=\"column\">\n\t\t\t<div class=\"elementor-widget-wrap elementor-element-populated\">\n\t\t\t\t\t\t\t\t<div class=\"elementor-element elementor-element-52f72e0 elementor-widget elementor-widget-heading\" data-id=\"52f72e0\" data-element_type=\"widget\" data-widget_type=\"heading.default\">\n\t\t\t\t<div class=\"elementor-widget-container\">\n\t\t\t<h2 class=\"elementor-heading-title elementor-size-default\">DELIVERY TIME AND PRICE<\/h2>\t\t<\/div>\n\t\t\t\t<\/div>\n\t\t\t\t\t<\/div>\n\t\t<\/div>\n\t\t\t\t\t\t\t<\/div>\n\t\t<\/section>\n\t\t\t\t<section class=\"elementor-section elementor-top-section elementor-element elementor-element-cb3a315 elementor-section-boxed elementor-section-height-default elementor-section-height-default qodef-elementor-content-no\" data-id=\"cb3a315\" data-element_type=\"section\">\n\t\t\t\t\t\t<div class=\"elementor-container elementor-column-gap-default\">\n\t\t\t\t\t<div class=\"elementor-column elementor-col-100 elementor-top-column elementor-element elementor-element-0b5faed\" data-id=\"0b5faed\" data-element_type=\"column\">\n\t\t\t<div class=\"elementor-widget-wrap elementor-element-populated\">\n\t\t\t\t\t\t\t\t<div class=\"elementor-element elementor-element-f601c1a elementor-widget elementor-widget-text-editor\" data-id=\"f601c1a\" data-element_type=\"widget\" data-widget_type=\"text-editor.default\">\n\t\t\t\t<div class=\"elementor-widget-container\">\n\t\t\t<style>\/*! elementor - v3.8.1 - 13-11-2022 *\/\n.elementor-widget-text-editor.elementor-drop-cap-view-stacked .elementor-drop-cap{background-color:#818a91;color:#fff}.elementor-widget-text-editor.elementor-drop-cap-view-framed .elementor-drop-cap{color:#818a91;border:3px solid;background-color:transparent}.elementor-widget-text-editor:not(.elementor-drop-cap-view-default) .elementor-drop-cap{margin-top:8px}.elementor-widget-text-editor:not(.elementor-drop-cap-view-default) .elementor-drop-cap-letter{width:1em;height:1em}.elementor-widget-text-editor .elementor-drop-cap{float:left;text-align:center;line-height:1;font-size:50px}.elementor-widget-text-editor .elementor-drop-cap-letter{display:inline-block}<\/style>\t\t\t\t<h4>Delivery methods in Lithuania:<\/h4><p>- Omniva, DPD, LP Express by post machines and DPD courier - (1-2 working days).<\/p><p>- When placing an order, indicate which post office you would like your goods to be delivered to <br \/>(Omniva, DPD, LP Express).<\/p><h4>Delivery price:<\/h4><p>- Free delivery throughout Lithuania.<br \/>- The price for shipping abroad will be automatically calculated at the time of shipping.<\/p><h4>Order execution time and possible problems:<\/h4><p>\u2013 Postman and courier orders are accepted on weekdays until 2:00 p.m., so if you place your order before this time, <br \/>it will be implemented on the same day.<\/p><p>- In the event of a large flow of shipments (during sales or during the holiday period), shipments throughout Lithuania may be delayed, so we apologize in advance for any inconvenience.<\/p>\t\t\t\t\t\t<\/div>\n\t\t\t\t<\/div>\n\t\t\t\t\t<\/div>\n\t\t<\/div>\n\t\t\t\t\t\t\t<\/div>\n\t\t<\/section>\n\t\t\t\t\t\t\t<\/div>","protected":false},"excerpt":{"rendered":"<p>SU KODU MAD15 CBD ALIEJAMS 15% NUOLAIDA Pristatymo trukm\u0117 ir kaina Pristatymo b\u016bdai Lietuvoje: &#8211; Omniva, DPD, LP Express pa\u0161tomatais ir DPD kurjeriu &#8211; (1-2 darbo dienos). &#8211; Atliekant u\u017esakym\u0105, nurodykite, \u012f kur\u012f pa\u0161tomat\u0105 nor\u0117tum\u0117te, kad b\u016bt\u0173 pristatytos j\u016bs\u0173 prekes (Omniva, DPD, LP Express). Pristatymo kaina: &#8211; Nemokamas pristatymas visoje Lietuvoje.&#8211; Kaina siuntimui \u012f u\u017esien\u012f [&hellip;]<\/p>","protected":false},"author":1,"featured_media":0,"parent":0,"menu_order":0,"comment_status":"closed","ping_status":"closed","template":"page-full-width.php","meta":{"om_disable_all_campaigns":false,"_mi_skip_tracking":false},"aioseo_notices":[],"_links":{"self":[{"href":"https:\/\/madleaf.lt\/en\/wp-json\/wp\/v2\/pages\/2092"}],"collection":[{"href":"https:\/\/madleaf.lt\/en\/wp-json\/wp\/v2\/pages"}],"about":[{"href":"https:\/\/madleaf.lt\/en\/wp-json\/wp\/v2\/types\/page"}],"author":[{"embeddable":true,"href":"https:\/\/madleaf.lt\/en\/wp-json\/wp\/v2\/users\/1"}],"replies":[{"embeddable":true,"href":"https:\/\/madleaf.lt\/en\/wp-json\/wp\/v2\/comments?post=2092"}],"version-history":[{"count":22,"href":"https:\/\/madleaf.lt\/en\/wp-json\/wp\/v2\/pages\/2092\/revisions"}],"predecessor-version":[{"id":20458,"href":"https:\/\/madleaf.lt\/en\/wp-json\/wp\/v2\/pages\/2092\/revisions\/20458"}],"wp:attachment":[{"href":"https:\/\/madleaf.lt\/en\/wp-json\/wp\/v2\/media?parent=2092"}],"curies":[{"name":"wp","href":"https:\/\/api.w.org\/{rel}","templated":true}]}}