{"id":18687,"date":"2022-12-05T23:15:27","date_gmt":"2022-12-05T23:15:27","guid":{"rendered":"https:\/\/madleaf.lt\/?post_type=product&#038;p=18687"},"modified":"2026-01-11T17:00:14","modified_gmt":"2026-01-11T17:00:14","slug":"cbd-aliejus-30","status":"publish","type":"product","link":"https:\/\/madleaf.lt\/en\/product\/cbd-aliejus-30\/","title":{"rendered":"WILD SENSATIONS - 30% CBD HEMP OIL"},"content":{"rendered":"<h5>PRODUCT INFORMATION AND COMPOSITION<\/h5>\n<div><\/div>\n<div style=\"display: flex;\">\n<div>&#8211; 10ml dyd\u017eio buteliukas su 3000mg CBD (30% stiprumas).<br \/>\n&#8211; 200 la\u0161\u0173 po 15mg CBD.<br \/>\n\u2013 30+ days of strong servings.<br \/>\n- Guaranteed amount of CBD - the composition of each batch is tested in a laboratory.<br \/>\n\u2013 Contains hemp seed oil, rich in beneficial Omega-3, Omega-6 fatty acids and Vitamin E.<br \/>\n\u2013 THC content &lt; 0.2% (Permissible content in the European Union)<br \/>\n\u2013 Full-spectrum, so it also contains other health-giving cannabinoids found in fibrous hemp (CBG, CBDV, CBN, CBC, CBE, CBT).<br \/>\n\u2013 Fiber hemp leaves are pressed using safe supercritical CO2 extraction technology in a GMP certified (pharmaceutical grade) laboratory.<br \/>\n\u2013 Made from organically farmed premium fiber hemp that is pesticide free.<br \/>\n- Vegan friendly.<\/div>\n<div><\/div>\n<div><\/div>\n<\/div>\n<h5>HOW TO USE<\/h5>\n<p>1. Rekomenduojamas kiekis: <strong>2-3 la\u0161ai, 2 kartus per dien\u0105.<\/strong><br \/>\n2. Naudokite gryn\u0105, u\u017ela\u0161inkite ant norimos k\u016bno vietos ir palaikykite bent <strong>1-2 minutes.<\/strong><br \/>\nAvoid contact with eyes.<br \/>\n3. Jei reikia, palaipsniui didinkite la\u0161\u0173 kiek\u012f. Ta\u010diau nevir\u0161ykite daugiau kaip <strong>200 mg CBD per dien\u0105.<\/strong><\/p>\n<p><strong>Suitable for any skin type.<\/strong><\/p>\n<p><strong>The daily amount of CBD depends on many factors, such as your body condition,<\/strong><br \/>\n<strong>the desired effect or CBD concentration of the product being used.<\/strong><\/p>\n<p><strong>- Do not use if you are under 18 years of age.<\/strong><br \/>\n<strong>- Keep out of the reach of children.<\/strong><\/p>\n<p><strong>If you are planning to become pregnant, are pregnant, are breastfeeding, are taking medication or have health problems, but <\/strong><\/p>\n<p><strong>nor\u0117tum\u0117te i\u0161bandyti CBD produktus, prie\u0161 prad\u0117dami naudoti pasitarkite <\/strong><strong>su gydytoju arba vaistininku.<\/strong><\/p>\n<p><strong>Protect from direct sunlight and store at a temperature not higher than 25 \u00b0C.<\/strong><\/p>","protected":false},"excerpt":{"rendered":"<p><b>\u2705Purest hemp seed oil gives you a burst of energy, improved focus, and healthy dosage of buzz to handle daily tasks.<\/b><\/p>\n<p><b>\u2705Our oil is excellent for getting you in an \"I can do\" mindset first thing in the morning. It has an energizing impact that puts you in a fertile and productive state of mind. Additionally, a few drops taken at the end of a long day will also ensure a restful sleep.<\/b><\/p>\n<p>&nbsp;<\/p>\n<p><img decoding=\"async\" loading=\"lazy\" class=\"alignnone wp-image-18522 size-full\" src=\"http:\/\/madleaf.lt\/wp-content\/uploads\/2022\/11\/Group-45836.png\" alt=\"\" width=\"1289\" height=\"197\" srcset=\"https:\/\/madleaf.lt\/wp-content\/uploads\/2022\/11\/Group-45836.png 1289w, https:\/\/madleaf.lt\/wp-content\/uploads\/2022\/11\/Group-45836-600x92.png 600w, https:\/\/madleaf.lt\/wp-content\/uploads\/2022\/11\/Group-45836-300x46.png 300w, https:\/\/madleaf.lt\/wp-content\/uploads\/2022\/11\/Group-45836-1024x156.png 1024w, https:\/\/madleaf.lt\/wp-content\/uploads\/2022\/11\/Group-45836-768x117.png 768w\" sizes=\"(max-width: 1289px) 100vw, 1289px\" \/><\/p>\n<p><a style=\"text-decoration: underline;\" href=\"https:\/\/madleaf.lt\/en\/tyrimu-rezultatai\/\"><strong>Product lab test results<\/strong><\/a><\/p>","protected":false},"featured_media":19757,"comment_status":"open","ping_status":"closed","template":"","meta":{"om_disable_all_campaigns":false,"_mi_skip_tracking":false},"product_cat":[15],"product_tag":[],"aioseo_notices":[],"_links":{"self":[{"href":"https:\/\/madleaf.lt\/en\/wp-json\/wp\/v2\/product\/18687"}],"collection":[{"href":"https:\/\/madleaf.lt\/en\/wp-json\/wp\/v2\/product"}],"about":[{"href":"https:\/\/madleaf.lt\/en\/wp-json\/wp\/v2\/types\/product"}],"replies":[{"embeddable":true,"href":"https:\/\/madleaf.lt\/en\/wp-json\/wp\/v2\/comments?post=18687"}],"version-history":[{"count":11,"href":"https:\/\/madleaf.lt\/en\/wp-json\/wp\/v2\/product\/18687\/revisions"}],"predecessor-version":[{"id":20377,"href":"https:\/\/madleaf.lt\/en\/wp-json\/wp\/v2\/product\/18687\/revisions\/20377"}],"wp:featuredmedia":[{"embeddable":true,"href":"https:\/\/madleaf.lt\/en\/wp-json\/wp\/v2\/media\/19757"}],"wp:attachment":[{"href":"https:\/\/madleaf.lt\/en\/wp-json\/wp\/v2\/media?parent=18687"}],"wp:term":[{"taxonomy":"product_cat","embeddable":true,"href":"https:\/\/madleaf.lt\/en\/wp-json\/wp\/v2\/product_cat?post=18687"},{"taxonomy":"product_tag","embeddable":true,"href":"https:\/\/madleaf.lt\/en\/wp-json\/wp\/v2\/product_tag?post=18687"}],"curies":[{"name":"wp","href":"https:\/\/api.w.org\/{rel}","templated":true}]}}